{"id":4141,"date":"2026-02-12T12:48:12","date_gmt":"2026-02-12T12:48:12","guid":{"rendered":"https:\/\/poesialleida.paeria.cat\/?page_id=4141"},"modified":"2026-02-16T16:13:10","modified_gmt":"2026-02-16T16:13:10","slug":"2026-salutacio","status":"publish","type":"page","link":"https:\/\/poesialleida.paeria.cat\/","title":{"rendered":"2026 Salutaci\u00f3"},"content":{"rendered":"<p><div class=\"fusion-fullwidth fullwidth-box fusion-builder-row-1 fusion-flex-container has-pattern-background has-mask-background hundred-percent-fullwidth non-hundred-percent-height-scrolling\" style=\"--awb-border-radius-top-left:0px;--awb-border-radius-top-right:0px;--awb-border-radius-bottom-right:0px;--awb-border-radius-bottom-left:0px;--awb-padding-right:0px;--awb-padding-bottom:50px;--awb-padding-left:0px;--awb-padding-bottom-small:10px;--awb-flex-wrap:wrap;\" ><div class=\"fusion-builder-row fusion-row fusion-flex-align-items-flex-start fusion-flex-content-wrap\" style=\"width:104% !important;max-width:104% !important;margin-left: calc(-4% \/ 2 );margin-right: calc(-4% \/ 2 );\"><div class=\"fusion-layout-column fusion_builder_column fusion-builder-column-0 fusion_builder_column_1_1 1_1 fusion-flex-column\" style=\"--awb-padding-top:150px;--awb-padding-right:10%;--awb-padding-bottom:30px;--awb-padding-left:10%;--awb-padding-top-small:70px;--awb-padding-right-small:10%;--awb-padding-bottom-small:10px;--awb-padding-left-small:10%;--awb-bg-color:var(--awb-color5);--awb-bg-color-hover:var(--awb-color5);--awb-bg-size:cover;--awb-width-large:100%;--awb-margin-top-large:0px;--awb-spacing-right-large:1.92%;--awb-margin-bottom-large:0px;--awb-spacing-left-large:1.92%;--awb-width-medium:100%;--awb-order-medium:0;--awb-spacing-right-medium:1.92%;--awb-spacing-left-medium:1.92%;--awb-width-small:100%;--awb-order-small:0;--awb-spacing-right-small:1.92%;--awb-spacing-left-small:1.92%;\" data-scroll-devices=\"small-visibility,medium-visibility,large-visibility\"><div class=\"fusion-column-wrapper fusion-column-has-shadow fusion-flex-justify-content-flex-start fusion-content-layout-column\"><div class=\"fusion-title title fusion-title-1 fusion-sep-none fusion-title-text fusion-title-size-one\" style=\"--awb-text-color:var(--awb-custom_color_6);--awb-margin-top-small:0px;--awb-margin-right-small:0px;--awb-margin-bottom-small:20px;--awb-margin-left-small:0px;--awb-font-size:30px;\"><h1 class=\"fusion-title-heading title-heading-left fusion-responsive-typography-calculated\" style=\"font-family:&quot;Ponent-Bold&quot;;font-style:normal;font-weight:400;margin:0;font-size:1em;--fontSize:30;line-height:1;\"><p><strong>Meritxell Cucurella-Jorba<\/strong><br \/>\n<strong>Anselm Ros Perdrix<\/strong><\/p><\/h1><\/div><div class=\"fusion-title title fusion-title-2 fusion-sep-none fusion-title-text fusion-title-size-three\" style=\"--awb-text-color:var(--awb-color1);--awb-margin-top-small:0px;--awb-margin-right-small:0px;--awb-margin-bottom-small:20px;--awb-margin-left-small:0px;--awb-font-size:20px;\"><h3 class=\"fusion-title-heading title-heading-left fusion-responsive-typography-calculated\" style=\"font-family:&quot;Ponent-Regular&quot;;font-style:normal;font-weight:400;margin:0;font-size:1em;--fontSize:20;--minFontSize:20;line-height:1.5;\">directors art\u00edstics de POESIA LLEIDA 2026<\/h3><\/div><\/div><\/div><div class=\"fusion-layout-column fusion_builder_column fusion-builder-column-1 fusion_builder_column_1_1 1_1 fusion-flex-column\" style=\"--awb-padding-right:100px;--awb-padding-bottom:10px;--awb-padding-left:100px;--awb-padding-top-small:0px;--awb-padding-right-small:10%;--awb-padding-bottom-small:0px;--awb-padding-left-small:10%;--awb-bg-size:cover;--awb-width-large:100%;--awb-margin-top-large:0px;--awb-spacing-right-large:1.92%;--awb-margin-bottom-large:0px;--awb-spacing-left-large:1.92%;--awb-width-medium:100%;--awb-order-medium:0;--awb-spacing-right-medium:1.92%;--awb-spacing-left-medium:1.92%;--awb-width-small:100%;--awb-order-small:0;--awb-spacing-right-small:1.92%;--awb-spacing-left-small:1.92%;\" data-scroll-devices=\"small-visibility,medium-visibility,large-visibility\"><div class=\"fusion-column-wrapper fusion-column-has-shadow fusion-flex-justify-content-flex-start fusion-content-layout-column\"><div class=\"fusion-builder-row fusion-builder-row-inner fusion-row fusion-flex-align-items-flex-start fusion-flex-content-wrap\" style=\"--awb-flex-grow:0;--awb-flex-grow-medium:0;--awb-flex-grow-small:0;--awb-flex-shrink:0;--awb-flex-shrink-medium:0;--awb-flex-shrink-small:0;width:104% !important;max-width:104% !important;margin-left: calc(-4% \/ 2 );margin-right: calc(-4% \/ 2 );\"><div class=\"fusion-layout-column fusion_builder_column_inner fusion-builder-nested-column-0 fusion_builder_column_inner_1_4 1_4 fusion-flex-column\" style=\"--awb-bg-size:cover;--awb-width-large:25%;--awb-margin-top-large:0px;--awb-spacing-right-large:5px;--awb-margin-bottom-large:0px;--awb-spacing-left-large:7.68%;--awb-width-medium:100%;--awb-spacing-right-medium:1.92%;--awb-spacing-left-medium:1.92%;--awb-width-small:100%;--awb-spacing-right-small:1.92%;--awb-spacing-left-small:1.92%;\"><div class=\"fusion-column-wrapper fusion-flex-justify-content-flex-start fusion-content-layout-column\"><div class=\"fusion-image-element \" style=\"--awb-caption-title-font-family:var(--h2_typography-font-family);--awb-caption-title-font-weight:var(--h2_typography-font-weight);--awb-caption-title-font-style:var(--h2_typography-font-style);--awb-caption-title-size:var(--h2_typography-font-size);--awb-caption-title-transform:var(--h2_typography-text-transform);--awb-caption-title-line-height:var(--h2_typography-line-height);--awb-caption-title-letter-spacing:var(--h2_typography-letter-spacing);\"><span class=\" fusion-imageframe imageframe-none imageframe-1 hover-type-none\"><img decoding=\"async\" width=\"1000\" height=\"1250\" title=\"direccio_2\" src=\"https:\/\/poesialleida.paeria.cat\/wp-content\/uploads\/2026\/02\/direccio_2.jpg\" alt class=\"img-responsive wp-image-4384\" srcset=\"https:\/\/poesialleida.paeria.cat\/wp-content\/uploads\/2026\/02\/direccio_2-200x250.jpg 200w, https:\/\/poesialleida.paeria.cat\/wp-content\/uploads\/2026\/02\/direccio_2-400x500.jpg 400w, https:\/\/poesialleida.paeria.cat\/wp-content\/uploads\/2026\/02\/direccio_2-600x750.jpg 600w, https:\/\/poesialleida.paeria.cat\/wp-content\/uploads\/2026\/02\/direccio_2-800x1000.jpg 800w, https:\/\/poesialleida.paeria.cat\/wp-content\/uploads\/2026\/02\/direccio_2.jpg 1000w\" sizes=\"(max-width: 800px) 100vw, (max-width: 640px) 100vw, 400px\" \/><\/span><\/div><div class=\"fusion-title title fusion-title-3 fusion-sep-none fusion-title-text fusion-title-size-paragraph\" style=\"--awb-text-color:var(--awb-custom10);--awb-margin-bottom:20px;--awb-margin-top-small:0px;--awb-margin-right-small:0px;--awb-margin-bottom-small:20px;--awb-margin-left-small:0px;--awb-font-size:12px;\"><p class=\"fusion-title-heading title-heading-right title-heading-tag fusion-responsive-typography-calculated\" style=\"font-family:&quot;Ponent-Regular&quot;;font-style:normal;font-weight:400;margin:0;font-size:1em;--fontSize:12;--minFontSize:12;line-height:1.5;\">\u00a9 Llorenc\u0327 Rosanes Mulet<\/p><\/div><\/div><\/div><\/div><\/div><\/div><div class=\"fusion-layout-column fusion_builder_column fusion-builder-column-2 fusion_builder_column_1_1 1_1 fusion-flex-column\" style=\"--awb-padding-top:30px;--awb-padding-right:10%;--awb-padding-bottom:30px;--awb-padding-left:10%;--awb-padding-top-small:10px;--awb-bg-size:cover;--awb-width-large:100%;--awb-margin-top-large:0px;--awb-spacing-right-large:1.92%;--awb-margin-bottom-large:0px;--awb-spacing-left-large:1.92%;--awb-width-medium:100%;--awb-order-medium:0;--awb-spacing-right-medium:1.92%;--awb-spacing-left-medium:1.92%;--awb-width-small:100%;--awb-order-small:0;--awb-spacing-right-small:1.92%;--awb-spacing-left-small:1.92%;\" data-scroll-devices=\"small-visibility,medium-visibility,large-visibility\"><div class=\"fusion-column-wrapper fusion-column-has-shadow fusion-flex-justify-content-flex-start fusion-content-layout-column\"><div class=\"fusion-text fusion-text-1\" style=\"--awb-font-size:16px;--awb-text-font-family:&quot;Ponent-Regular&quot;;--awb-text-font-style:normal;--awb-text-font-weight:400;\"><p>De totes les arts creades per la m\u00e0 humana, potser la poesia \u00e9s l\u2019\u00fanica que mant\u00e9 eterna, com una flama impetuosa, com una mareded\u00e9u, la seva virginitat, la seva aura i, tamb\u00e9, la seva temeritat (es nega fins a acceptar l\u2019abs\u00e8ncia del seu accent, el seu punyal, la seva sageta). La poesia camina amb la sang neta. Sempre neta, sempre nova. Mira endavant, la poesia, mai a banda i banda, perqu\u00e8 quan ets al clot del foc de la guerra nom\u00e9s pots mirar endavant, per matar i que no et matin.<\/p>\n<p>Tot \u00e9s met\u00e0fora, hip\u00e8rbole i palimpsest. Adorem els adverbis absoluts <em>sempre<\/em>, <em>res<\/em>, <em>mai<\/em>, <em>tot<\/em>, i la radicalitat extrema, d\u2019arrel-origen, i de radical-trencador. Palimpsestem des dels nostres germans de l\u2019antigor, fins als nostres germans de l\u2019ara i aqu\u00ed. No pensem res de nou, ho sabem, per\u00f2 dissimulem, perqu\u00e8 tamb\u00e9 ens hem hagut d\u2019adaptar a l\u2019hostilitat. Per for\u00e7a som hiperb\u00f2lics perqu\u00e8 altrament escriur\u00edem (llegeixi&#8217;s <em>escriure<\/em> en una accepci\u00f3 \u00e0mplia) nicieses i manuals d\u2019instruccions, i viur\u00edem la vida nostra tal com dicten els imperatius d\u2019aquests manuals d\u2019instruccions que no escrivim.<\/p>\n<p>Des del presbiteri nost\u00e0lgic i reverent que ens permet contemplar el nostre passat po\u00e8tic, no nom\u00e9s el de l\u2019escriptura que s\u2019escriu, sin\u00f3 tamb\u00e9, i sobretot, el de l\u2019escriptura que es diu, el de l\u2019escriptura que es dibuixa i el de l\u2019escriptura que es fa silenci en nom de l\u2019acci\u00f3, volem retre un homenatge sentid\u00edssim als nostres informalistes i als nostres concrets. Hi s\u00f3n, hi seran sempre.<\/p>\n<p>Posse\u00efts per les veritats que se\u2019ns claven com espases plenes de tedi i de passi\u00f3 extrema a parts iguals, de sornegueria i de sagacitat, apostem pels mestres, sense els quals probablement no ser\u00edem qui som. Els celebrem perqu\u00e8 perdurin, perqu\u00e8 siguin eternament mestres dels qui vindran.<\/p>\n<p>Irradiats de fervor, d\u2019explosi\u00f3 i de zel, acollim la joventut i l\u2019experiment, l\u2019assaig i l\u2019error, la capacitat d\u2019anar del cel a l\u2019infern, d\u2019equivocar-se i espolsar-se els dubtes i tornar-hi, tornar-hi sempre. D\u2019encarar encara la dificultat de la poesia, el repte etern.<\/p>\n<p>Us convidem a ser c\u00f2mplices del festival POESIA LLEIDA 2026. Qui hi vulgui entrar amb una pedra a la sabata, que hi entri amb una pedra a la sabata. Qui hi vulgui entrar (oh!) tot pulcre, que hi entri (oh!) tot pulcre. Qui hi vulgui entrar ja retor\u00e7ut, que hi entri tot retor\u00e7ut. Qui hi vulgui entrar com qui arreplega una criatura preciosa abandonada al peu del reixat del jard\u00ed i per no dir-li de cop nom\u00e9s crueses li xiuxiueja: \u201cMira els clavells\u2026 mira les roses, mira, mira\u201d (Merc\u00e8 Rodoreda).<\/p>\n<p>Hem escrit un festival m\u00e9s. Llegiu-lo, \u00e9s vostre. Sou lliures.<\/p>\n<\/div><\/div><\/div><\/div><\/div><\/p>\n","protected":false},"excerpt":{"rendered":"","protected":false},"author":1,"featured_media":0,"parent":0,"menu_order":0,"comment_status":"closed","ping_status":"closed","template":"100-width.php","meta":{"footnotes":""},"class_list":["post-4141","page","type-page","status-publish","hentry"],"yoast_head":"<!-- This site is optimized with the Yoast SEO plugin v27.5 - https:\/\/yoast.com\/product\/yoast-seo-wordpress\/ -->\n<title>Poesia Lleida<\/title>\n<meta name=\"robots\" content=\"index, follow, max-snippet:-1, max-image-preview:large, max-video-preview:-1\" \/>\n<link rel=\"canonical\" href=\"https:\/\/poesialleida.paeria.cat\/\" \/>\n<meta property=\"og:locale\" content=\"es_ES\" \/>\n<meta property=\"og:type\" content=\"article\" \/>\n<meta property=\"og:title\" content=\"Poesia Lleida\" \/>\n<meta property=\"og:url\" content=\"https:\/\/poesialleida.paeria.cat\/\" \/>\n<meta property=\"og:site_name\" content=\"Poesia Lleida\" \/>\n<meta property=\"article:modified_time\" content=\"2026-02-16T16:13:10+00:00\" \/>\n<meta name=\"twitter:card\" content=\"summary_large_image\" \/>\n<meta name=\"twitter:title\" content=\"Poesia Lleida\" \/>\n<meta name=\"twitter:label1\" content=\"Tiempo de lectura\" \/>\n\t<meta name=\"twitter:data1\" content=\"5 minutos\" \/>\n<script type=\"application\/ld+json\" class=\"yoast-schema-graph\">{\"@context\":\"https:\\\/\\\/schema.org\",\"@graph\":[{\"@type\":\"WebPage\",\"@id\":\"https:\\\/\\\/poesialleida.paeria.cat\\\/\",\"url\":\"https:\\\/\\\/poesialleida.paeria.cat\\\/\",\"name\":\"Poesia Lleida\",\"isPartOf\":{\"@id\":\"https:\\\/\\\/poesialleida.paeria.cat\\\/#website\"},\"datePublished\":\"2026-02-12T12:48:12+00:00\",\"dateModified\":\"2026-02-16T16:13:10+00:00\",\"breadcrumb\":{\"@id\":\"https:\\\/\\\/poesialleida.paeria.cat\\\/#breadcrumb\"},\"inLanguage\":\"es\",\"potentialAction\":[{\"@type\":\"ReadAction\",\"target\":[\"https:\\\/\\\/poesialleida.paeria.cat\\\/\"]}]},{\"@type\":\"BreadcrumbList\",\"@id\":\"https:\\\/\\\/poesialleida.paeria.cat\\\/#breadcrumb\",\"itemListElement\":[{\"@type\":\"ListItem\",\"position\":1,\"name\":\"Portada\",\"item\":\"https:\\\/\\\/poesialleida.paeria.cat\\\/\"},{\"@type\":\"ListItem\",\"position\":2,\"name\":\"2026 Salutaci\u00f3\"}]},{\"@type\":\"WebSite\",\"@id\":\"https:\\\/\\\/poesialleida.paeria.cat\\\/#website\",\"url\":\"https:\\\/\\\/poesialleida.paeria.cat\\\/\",\"name\":\"Poesia Lleida\",\"description\":\"Festival de Poesia a Lleida\",\"potentialAction\":[{\"@type\":\"SearchAction\",\"target\":{\"@type\":\"EntryPoint\",\"urlTemplate\":\"https:\\\/\\\/poesialleida.paeria.cat\\\/?s={search_term_string}\"},\"query-input\":{\"@type\":\"PropertyValueSpecification\",\"valueRequired\":true,\"valueName\":\"search_term_string\"}}],\"inLanguage\":\"es\"}]}<\/script>\n<!-- \/ Yoast SEO plugin. -->","yoast_head_json":{"title":"Poesia Lleida","robots":{"index":"index","follow":"follow","max-snippet":"max-snippet:-1","max-image-preview":"max-image-preview:large","max-video-preview":"max-video-preview:-1"},"canonical":"https:\/\/poesialleida.paeria.cat\/","og_locale":"es_ES","og_type":"article","og_title":"Poesia Lleida","og_url":"https:\/\/poesialleida.paeria.cat\/","og_site_name":"Poesia Lleida","article_modified_time":"2026-02-16T16:13:10+00:00","twitter_card":"summary_large_image","twitter_title":"Poesia Lleida","twitter_misc":{"Tiempo de lectura":"5 minutos"},"schema":{"@context":"https:\/\/schema.org","@graph":[{"@type":"WebPage","@id":"https:\/\/poesialleida.paeria.cat\/","url":"https:\/\/poesialleida.paeria.cat\/","name":"Poesia Lleida","isPartOf":{"@id":"https:\/\/poesialleida.paeria.cat\/#website"},"datePublished":"2026-02-12T12:48:12+00:00","dateModified":"2026-02-16T16:13:10+00:00","breadcrumb":{"@id":"https:\/\/poesialleida.paeria.cat\/#breadcrumb"},"inLanguage":"es","potentialAction":[{"@type":"ReadAction","target":["https:\/\/poesialleida.paeria.cat\/"]}]},{"@type":"BreadcrumbList","@id":"https:\/\/poesialleida.paeria.cat\/#breadcrumb","itemListElement":[{"@type":"ListItem","position":1,"name":"Portada","item":"https:\/\/poesialleida.paeria.cat\/"},{"@type":"ListItem","position":2,"name":"2026 Salutaci\u00f3"}]},{"@type":"WebSite","@id":"https:\/\/poesialleida.paeria.cat\/#website","url":"https:\/\/poesialleida.paeria.cat\/","name":"Poesia Lleida","description":"Festival de Poesia a Lleida","potentialAction":[{"@type":"SearchAction","target":{"@type":"EntryPoint","urlTemplate":"https:\/\/poesialleida.paeria.cat\/?s={search_term_string}"},"query-input":{"@type":"PropertyValueSpecification","valueRequired":true,"valueName":"search_term_string"}}],"inLanguage":"es"}]}},"_links":{"self":[{"href":"https:\/\/poesialleida.paeria.cat\/index.php\/wp-json\/wp\/v2\/pages\/4141","targetHints":{"allow":["GET"]}}],"collection":[{"href":"https:\/\/poesialleida.paeria.cat\/index.php\/wp-json\/wp\/v2\/pages"}],"about":[{"href":"https:\/\/poesialleida.paeria.cat\/index.php\/wp-json\/wp\/v2\/types\/page"}],"author":[{"embeddable":true,"href":"https:\/\/poesialleida.paeria.cat\/index.php\/wp-json\/wp\/v2\/users\/1"}],"replies":[{"embeddable":true,"href":"https:\/\/poesialleida.paeria.cat\/index.php\/wp-json\/wp\/v2\/comments?post=4141"}],"version-history":[{"count":7,"href":"https:\/\/poesialleida.paeria.cat\/index.php\/wp-json\/wp\/v2\/pages\/4141\/revisions"}],"predecessor-version":[{"id":4385,"href":"https:\/\/poesialleida.paeria.cat\/index.php\/wp-json\/wp\/v2\/pages\/4141\/revisions\/4385"}],"wp:attachment":[{"href":"https:\/\/poesialleida.paeria.cat\/index.php\/wp-json\/wp\/v2\/media?parent=4141"}],"curies":[{"name":"wp","href":"https:\/\/api.w.org\/{rel}","templated":true}]}}